{"id":8,"date":"2021-12-02T19:59:36","date_gmt":"2021-12-02T18:59:36","guid":{"rendered":"http:\/\/voll-auf-die-ohren.de\/?page_id=8"},"modified":"2024-08-19T13:23:00","modified_gmt":"2024-08-19T11:23:00","slug":"ueber-mich","status":"publish","type":"page","link":"https:\/\/voll-auf-die-ohren.de\/?page_id=8","title":{"rendered":"\u00dcber uns"},"content":{"rendered":"<p>Was kann man \u00fcber uns sagen?<\/p>\n<p>Da ist erstmal der Klaus: spielt Schlagzeug auf den Punkt wie ein Uhrwerk und ist immer gut f\u00fcr ein mitreissendes Solo. Ohne ihn g\u00e4be es uns nicht. Nach Aufl\u00f6sung seiner vorangegangenen Band hat er uns handverlesen zusammengef\u00fcgt \ud83d\ude09<\/p>\n<p><img loading=\"lazy\" decoding=\"async\" class=\"alignnone size-medium wp-image-169\" src=\"http:\/\/voll-auf-die-ohren.de\/wp-content\/uploads\/2024\/08\/Klaus_kleineDatei-200x300.jpg\" alt=\"\" width=\"200\" height=\"300\" srcset=\"https:\/\/voll-auf-die-ohren.de\/wp-content\/uploads\/2024\/08\/Klaus_kleineDatei-200x300.jpg 200w, https:\/\/voll-auf-die-ohren.de\/wp-content\/uploads\/2024\/08\/Klaus_kleineDatei-683x1024.jpg 683w, https:\/\/voll-auf-die-ohren.de\/wp-content\/uploads\/2024\/08\/Klaus_kleineDatei-768x1152.jpg 768w, https:\/\/voll-auf-die-ohren.de\/wp-content\/uploads\/2024\/08\/Klaus_kleineDatei-1024x1536.jpg 1024w, https:\/\/voll-auf-die-ohren.de\/wp-content\/uploads\/2024\/08\/Klaus_kleineDatei-1365x2048.jpg 1365w, https:\/\/voll-auf-die-ohren.de\/wp-content\/uploads\/2024\/08\/Klaus_kleineDatei-scaled.jpg 1707w\" sizes=\"auto, (max-width: 200px) 100vw, 200px\" \/><\/p>\n<p>Dann ist da unsere S\u00e4ngerin Nikki: Kleines Pers\u00f6nchen mit starker Stimme, die unseren Ideen den entscheidenden Schliff gibt. Sie ist unser K\u00fcken und senkt den Altersdurchschnitt der Band. Aber sie hat uns lebenserfahrene Musiker voll im Griff &#8211; ohne sie geht n\u00e4mlich nichts! \ud83d\ude00<\/p>\n<p>Am Keyboard sitzt Gabi. Sie ist u.a. f\u00fcr das Lampenfieber bei Auftritten verantwortlich und hat soviel davon, dass es f\u00fcr die anderen auch noch reicht. Ansonsten bringt sie alle fehlenden Instrumente wie Piano, Strings, Ch\u00f6re, Orgel usw.\u00a0 mit und erst dadurch entsteht die Klangf\u00fclle der Songs. ;-D<\/p>\n<p><img loading=\"lazy\" decoding=\"async\" class=\"alignnone size-medium wp-image-172\" src=\"http:\/\/voll-auf-die-ohren.de\/wp-content\/uploads\/2024\/08\/Nikki-Gabi_kleineDatei-200x300.jpg\" alt=\"\" width=\"200\" height=\"300\" srcset=\"https:\/\/voll-auf-die-ohren.de\/wp-content\/uploads\/2024\/08\/Nikki-Gabi_kleineDatei-200x300.jpg 200w, https:\/\/voll-auf-die-ohren.de\/wp-content\/uploads\/2024\/08\/Nikki-Gabi_kleineDatei-683x1024.jpg 683w, https:\/\/voll-auf-die-ohren.de\/wp-content\/uploads\/2024\/08\/Nikki-Gabi_kleineDatei-768x1152.jpg 768w, https:\/\/voll-auf-die-ohren.de\/wp-content\/uploads\/2024\/08\/Nikki-Gabi_kleineDatei-1024x1536.jpg 1024w, https:\/\/voll-auf-die-ohren.de\/wp-content\/uploads\/2024\/08\/Nikki-Gabi_kleineDatei-1365x2048.jpg 1365w, https:\/\/voll-auf-die-ohren.de\/wp-content\/uploads\/2024\/08\/Nikki-Gabi_kleineDatei-scaled.jpg 1707w\" sizes=\"auto, (max-width: 200px) 100vw, 200px\" \/><\/p>\n<p>An der E-Gitarre ist der Hagen nicht zu bremsen. Nachdem er erst \u00fcberredet werden musste, wieder in einer Band zu spielen, kann er gar nicht mehr aufh\u00f6ren. Manche unserer Songs sind nur deshalb so lang, weil er immer das letzte Wort, \u00e4h Ton haben will. Aber die Soli m\u00fcsst ihr geh\u00f6rt haben! \ud83d\ude2e<\/p>\n<p><img loading=\"lazy\" decoding=\"async\" class=\"alignnone size-medium wp-image-170\" src=\"http:\/\/voll-auf-die-ohren.de\/wp-content\/uploads\/2024\/08\/Hagen_kleineDatei-300x200.jpg\" alt=\"\" width=\"300\" height=\"200\" srcset=\"https:\/\/voll-auf-die-ohren.de\/wp-content\/uploads\/2024\/08\/Hagen_kleineDatei-300x200.jpg 300w, https:\/\/voll-auf-die-ohren.de\/wp-content\/uploads\/2024\/08\/Hagen_kleineDatei-1024x682.jpg 1024w, https:\/\/voll-auf-die-ohren.de\/wp-content\/uploads\/2024\/08\/Hagen_kleineDatei-768x512.jpg 768w, https:\/\/voll-auf-die-ohren.de\/wp-content\/uploads\/2024\/08\/Hagen_kleineDatei-1536x1024.jpg 1536w, https:\/\/voll-auf-die-ohren.de\/wp-content\/uploads\/2024\/08\/Hagen_kleineDatei-400x268.jpg 400w, https:\/\/voll-auf-die-ohren.de\/wp-content\/uploads\/2024\/08\/Hagen_kleineDatei.jpg 2000w\" sizes=\"auto, (max-width: 300px) 100vw, 300px\" \/><\/p>\n<p>Holger spielt alles was 4 &#8211; 6 Saiten hat und konnte f\u00fcr den Bass angeworben werden. Ohne den geht aber auch gar nichts. Er bringt das i-T\u00fcpfelchen in die Songs und treibt den Rhythmus an, bis man ihn im ganzen K\u00f6rper sp\u00fcrt. \ud83d\ude42<\/p>\n<p><img loading=\"lazy\" decoding=\"async\" class=\"alignnone size-medium wp-image-173\" src=\"http:\/\/voll-auf-die-ohren.de\/wp-content\/uploads\/2024\/08\/Holger_kleineDatei-200x300.jpg\" alt=\"\" width=\"200\" height=\"300\" srcset=\"https:\/\/voll-auf-die-ohren.de\/wp-content\/uploads\/2024\/08\/Holger_kleineDatei-200x300.jpg 200w, https:\/\/voll-auf-die-ohren.de\/wp-content\/uploads\/2024\/08\/Holger_kleineDatei-683x1024.jpg 683w, https:\/\/voll-auf-die-ohren.de\/wp-content\/uploads\/2024\/08\/Holger_kleineDatei-768x1152.jpg 768w, https:\/\/voll-auf-die-ohren.de\/wp-content\/uploads\/2024\/08\/Holger_kleineDatei-1024x1536.jpg 1024w, https:\/\/voll-auf-die-ohren.de\/wp-content\/uploads\/2024\/08\/Holger_kleineDatei-1365x2048.jpg 1365w, https:\/\/voll-auf-die-ohren.de\/wp-content\/uploads\/2024\/08\/Holger_kleineDatei-scaled.jpg 1707w\" sizes=\"auto, (max-width: 200px) 100vw, 200px\" \/><\/p>\n<p>&nbsp;<\/p>\n\n\n<h2 class=\"wp-block-heading\">Und hier noch ein paar Eindr\u00fccke \u00fcber Vergangenes:<\/h2>\n\n\n\n<figure class=\"wp-block-gallery has-nested-images columns-default is-cropped wp-block-gallery-1 is-layout-flex wp-block-gallery-is-layout-flex\">\n<figure class=\"wp-block-image size-large\"><img loading=\"lazy\" decoding=\"async\" width=\"724\" height=\"1024\" data-id=\"123\" src=\"http:\/\/voll-auf-die-ohren.de\/wp-content\/uploads\/2023\/02\/Hafenbar-724x1024.jpg\" alt=\"\" class=\"wp-image-123\" srcset=\"https:\/\/voll-auf-die-ohren.de\/wp-content\/uploads\/2023\/02\/Hafenbar-724x1024.jpg 724w, https:\/\/voll-auf-die-ohren.de\/wp-content\/uploads\/2023\/02\/Hafenbar-212x300.jpg 212w, https:\/\/voll-auf-die-ohren.de\/wp-content\/uploads\/2023\/02\/Hafenbar-768x1086.jpg 768w, https:\/\/voll-auf-die-ohren.de\/wp-content\/uploads\/2023\/02\/Hafenbar-1086x1536.jpg 1086w, https:\/\/voll-auf-die-ohren.de\/wp-content\/uploads\/2023\/02\/Hafenbar-1448x2048.jpg 1448w, https:\/\/voll-auf-die-ohren.de\/wp-content\/uploads\/2023\/02\/Hafenbar.jpg 1684w\" sizes=\"auto, (max-width: 724px) 100vw, 724px\" \/><\/figure>\n<\/figure>\n\n\n\n<figure class=\"wp-block-image size-large\"><img loading=\"lazy\" decoding=\"async\" width=\"736\" height=\"1024\" src=\"http:\/\/voll-auf-die-ohren.de\/wp-content\/uploads\/2023\/10\/Plakat_24-07-2022-736x1024.jpg\" alt=\"\" class=\"wp-image-142\" srcset=\"https:\/\/voll-auf-die-ohren.de\/wp-content\/uploads\/2023\/10\/Plakat_24-07-2022-736x1024.jpg 736w, https:\/\/voll-auf-die-ohren.de\/wp-content\/uploads\/2023\/10\/Plakat_24-07-2022-216x300.jpg 216w, https:\/\/voll-auf-die-ohren.de\/wp-content\/uploads\/2023\/10\/Plakat_24-07-2022-768x1069.jpg 768w, https:\/\/voll-auf-die-ohren.de\/wp-content\/uploads\/2023\/10\/Plakat_24-07-2022.jpg 1080w\" sizes=\"auto, (max-width: 736px) 100vw, 736px\" \/><\/figure>\n\n\n\n<figure class=\"wp-block-image size-large\"><img loading=\"lazy\" decoding=\"async\" width=\"1024\" height=\"681\" src=\"http:\/\/voll-auf-die-ohren.de\/wp-content\/uploads\/2023\/10\/Auftritt_29_08_2020-1024x681.jpg\" alt=\"\" class=\"wp-image-143\" srcset=\"https:\/\/voll-auf-die-ohren.de\/wp-content\/uploads\/2023\/10\/Auftritt_29_08_2020-1024x681.jpg 1024w, https:\/\/voll-auf-die-ohren.de\/wp-content\/uploads\/2023\/10\/Auftritt_29_08_2020-300x199.jpg 300w, https:\/\/voll-auf-die-ohren.de\/wp-content\/uploads\/2023\/10\/Auftritt_29_08_2020-768x510.jpg 768w, https:\/\/voll-auf-die-ohren.de\/wp-content\/uploads\/2023\/10\/Auftritt_29_08_2020.jpg 1425w\" sizes=\"auto, (max-width: 1024px) 100vw, 1024px\" \/><\/figure>\n\n\n\n<figure class=\"wp-block-image size-large\"><img loading=\"lazy\" decoding=\"async\" width=\"725\" height=\"1024\" src=\"http:\/\/voll-auf-die-ohren.de\/wp-content\/uploads\/2023\/05\/Fete01-Nummer1-Kopie-725x1024.jpg\" alt=\"\" class=\"wp-image-132\" srcset=\"https:\/\/voll-auf-die-ohren.de\/wp-content\/uploads\/2023\/05\/Fete01-Nummer1-Kopie-725x1024.jpg 725w, https:\/\/voll-auf-die-ohren.de\/wp-content\/uploads\/2023\/05\/Fete01-Nummer1-Kopie-213x300.jpg 213w, https:\/\/voll-auf-die-ohren.de\/wp-content\/uploads\/2023\/05\/Fete01-Nummer1-Kopie-768x1084.jpg 768w, https:\/\/voll-auf-die-ohren.de\/wp-content\/uploads\/2023\/05\/Fete01-Nummer1-Kopie-1088x1536.jpg 1088w, https:\/\/voll-auf-die-ohren.de\/wp-content\/uploads\/2023\/05\/Fete01-Nummer1-Kopie-1451x2048.jpg 1451w, https:\/\/voll-auf-die-ohren.de\/wp-content\/uploads\/2023\/05\/Fete01-Nummer1-Kopie.jpg 1701w\" sizes=\"auto, (max-width: 725px) 100vw, 725px\" \/><\/figure>\n","protected":false},"excerpt":{"rendered":"<p>Was kann man \u00fcber uns sagen? Da ist erstmal der Klaus: spielt Schlagzeug auf den Punkt wie ein Uhrwerk und ist immer gut f\u00fcr ein mitreissendes Solo. Ohne ihn g\u00e4be es uns nicht. Nach Aufl\u00f6sung seiner vorangegangenen Band hat er uns handverlesen zusammengef\u00fcgt \ud83d\ude09 Dann ist da unsere S\u00e4ngerin Nikki: Kleines Pers\u00f6nchen mit starker Stimme, [&hellip;]<\/p>\n","protected":false},"author":1,"featured_media":45,"parent":0,"menu_order":0,"comment_status":"closed","ping_status":"closed","template":"","meta":{"footnotes":""},"class_list":["post-8","page","type-page","status-publish","has-post-thumbnail","hentry"],"_links":{"self":[{"href":"https:\/\/voll-auf-die-ohren.de\/index.php?rest_route=\/wp\/v2\/pages\/8","targetHints":{"allow":["GET"]}}],"collection":[{"href":"https:\/\/voll-auf-die-ohren.de\/index.php?rest_route=\/wp\/v2\/pages"}],"about":[{"href":"https:\/\/voll-auf-die-ohren.de\/index.php?rest_route=\/wp\/v2\/types\/page"}],"author":[{"embeddable":true,"href":"https:\/\/voll-auf-die-ohren.de\/index.php?rest_route=\/wp\/v2\/users\/1"}],"replies":[{"embeddable":true,"href":"https:\/\/voll-auf-die-ohren.de\/index.php?rest_route=%2Fwp%2Fv2%2Fcomments&post=8"}],"version-history":[{"count":10,"href":"https:\/\/voll-auf-die-ohren.de\/index.php?rest_route=\/wp\/v2\/pages\/8\/revisions"}],"predecessor-version":[{"id":174,"href":"https:\/\/voll-auf-die-ohren.de\/index.php?rest_route=\/wp\/v2\/pages\/8\/revisions\/174"}],"wp:featuredmedia":[{"embeddable":true,"href":"https:\/\/voll-auf-die-ohren.de\/index.php?rest_route=\/wp\/v2\/media\/45"}],"wp:attachment":[{"href":"https:\/\/voll-auf-die-ohren.de\/index.php?rest_route=%2Fwp%2Fv2%2Fmedia&parent=8"}],"curies":[{"name":"wp","href":"https:\/\/api.w.org\/{rel}","templated":true}]}}