{"id":7,"date":"2021-12-02T19:59:36","date_gmt":"2021-12-02T18:59:36","guid":{"rendered":"http:\/\/voll-auf-die-ohren.de\/?page_id=7"},"modified":"2026-04-29T11:37:16","modified_gmt":"2026-04-29T09:37:16","slug":"startseite","status":"publish","type":"page","link":"https:\/\/voll-auf-die-ohren.de\/","title":{"rendered":"Startseite"},"content":{"rendered":"\n<p><strong>Willkommen bei &#8222;Voll-auf-die-Ohren&#8220;.<\/strong><\/p>\n\n\n\n<p>Wenn Ihr deutschsprachige Rockmusik liebt und die ewig wiederholten Coversongs satt habt, seid ihr bei uns richtig. Ihr findet unser Album &#8222;Licht ist aus&#8220; bei Spotify und allen anderen Streamingdiensten. Und nat\u00fcrlich k\u00f6nnt ihr die CD auch bei uns erwerben (10,00 Euro zzgl. Versand), wenn ihr uns eine Email sendet.&nbsp; <\/p>\n\n\n\n<p> &nbsp; &nbsp; &nbsp; &nbsp; &nbsp; &nbsp; &nbsp; &nbsp; &nbsp; &nbsp; &nbsp; &nbsp; &nbsp; &nbsp; &nbsp; &nbsp; &nbsp; &nbsp; <img loading=\"lazy\" decoding=\"async\" width=\"300\" height=\"201\" class=\"alignnone size-medium wp-image-120\" src=\"http:\/\/voll-auf-die-ohren.de\/wp-content\/uploads\/2023\/02\/CD-Cover-300x201.jpg\" alt=\"\" srcset=\"https:\/\/voll-auf-die-ohren.de\/wp-content\/uploads\/2023\/02\/CD-Cover-300x201.jpg 300w, https:\/\/voll-auf-die-ohren.de\/wp-content\/uploads\/2023\/02\/CD-Cover-1024x687.jpg 1024w, https:\/\/voll-auf-die-ohren.de\/wp-content\/uploads\/2023\/02\/CD-Cover-768x515.jpg 768w, https:\/\/voll-auf-die-ohren.de\/wp-content\/uploads\/2023\/02\/CD-Cover-1536x1031.jpg 1536w, https:\/\/voll-auf-die-ohren.de\/wp-content\/uploads\/2023\/02\/CD-Cover-400x268.jpg 400w, https:\/\/voll-auf-die-ohren.de\/wp-content\/uploads\/2023\/02\/CD-Cover.jpg 1767w\" sizes=\"auto, (max-width: 300px) 100vw, 300px\" \/><\/p>\n\n\n\n<figure class=\"wp-block-image size-large\"><img loading=\"lazy\" decoding=\"async\" width=\"705\" height=\"1024\" src=\"https:\/\/voll-auf-die-ohren.de\/wp-content\/uploads\/2026\/04\/HeisserSand2026-705x1024.jpg\" alt=\"\" class=\"wp-image-202\" srcset=\"https:\/\/voll-auf-die-ohren.de\/wp-content\/uploads\/2026\/04\/HeisserSand2026-705x1024.jpg 705w, https:\/\/voll-auf-die-ohren.de\/wp-content\/uploads\/2026\/04\/HeisserSand2026-207x300.jpg 207w, https:\/\/voll-auf-die-ohren.de\/wp-content\/uploads\/2026\/04\/HeisserSand2026-768x1116.jpg 768w, https:\/\/voll-auf-die-ohren.de\/wp-content\/uploads\/2026\/04\/HeisserSand2026-1057x1536.jpg 1057w, https:\/\/voll-auf-die-ohren.de\/wp-content\/uploads\/2026\/04\/HeisserSand2026.jpg 1308w\" sizes=\"auto, (max-width: 705px) 100vw, 705px\" \/><\/figure>\n\n\n\n<h2 class=\"wp-block-heading\">Wir sind am 12.02.26 beim Emergenza-Festival dabei.<\/h2>\n\n\n\n<p>Karten k\u00f6nnt ihr verg\u00fcnstigt \u00fcber uns beziehen. Schreibt uns dann eine Email: voll-auf-die-ohren@gmx.de<\/p>\n\n\n\n<figure class=\"wp-block-image size-large\"><img loading=\"lazy\" decoding=\"async\" width=\"1024\" height=\"576\" src=\"https:\/\/voll-auf-die-ohren.de\/wp-content\/uploads\/2026\/02\/Emergenza_Plakat-1024x576.jpeg\" alt=\"\" class=\"wp-image-197\" srcset=\"https:\/\/voll-auf-die-ohren.de\/wp-content\/uploads\/2026\/02\/Emergenza_Plakat-1024x576.jpeg 1024w, https:\/\/voll-auf-die-ohren.de\/wp-content\/uploads\/2026\/02\/Emergenza_Plakat-300x169.jpeg 300w, https:\/\/voll-auf-die-ohren.de\/wp-content\/uploads\/2026\/02\/Emergenza_Plakat-768x432.jpeg 768w, https:\/\/voll-auf-die-ohren.de\/wp-content\/uploads\/2026\/02\/Emergenza_Plakat-1536x864.jpeg 1536w, https:\/\/voll-auf-die-ohren.de\/wp-content\/uploads\/2026\/02\/Emergenza_Plakat.jpeg 1960w\" sizes=\"auto, (max-width: 1024px) 100vw, 1024px\" \/><\/figure>\n\n\n\n<p><\/p>\n\n\n\n<p>Am 21.06.25 zur F\u00e8te de la musique sind wir auch wieder am Start: um 16.00 Uhr im Strandbad Friedrichshagen und abends vor dem Kulturhaus D\u00f6rpfeldstra\u00dfe!!!<\/p>\n\n\n\n<figure class=\"wp-block-image size-large\"><img loading=\"lazy\" decoding=\"async\" width=\"683\" height=\"1024\" src=\"https:\/\/voll-auf-die-ohren.de\/wp-content\/uploads\/2025\/05\/Simpsons-683x1024.jpg\" alt=\"\" class=\"wp-image-194\" srcset=\"https:\/\/voll-auf-die-ohren.de\/wp-content\/uploads\/2025\/05\/Simpsons-683x1024.jpg 683w, https:\/\/voll-auf-die-ohren.de\/wp-content\/uploads\/2025\/05\/Simpsons-200x300.jpg 200w, https:\/\/voll-auf-die-ohren.de\/wp-content\/uploads\/2025\/05\/Simpsons-768x1152.jpg 768w, https:\/\/voll-auf-die-ohren.de\/wp-content\/uploads\/2025\/05\/Simpsons.jpg 1024w\" sizes=\"auto, (max-width: 683px) 100vw, 683px\" \/><\/figure>\n\n\n\n<figure class=\"wp-block-image size-full\"><img loading=\"lazy\" decoding=\"async\" width=\"584\" height=\"119\" src=\"https:\/\/voll-auf-die-ohren.de\/wp-content\/uploads\/2025\/05\/image.png\" alt=\"\" class=\"wp-image-190\" srcset=\"https:\/\/voll-auf-die-ohren.de\/wp-content\/uploads\/2025\/05\/image.png 584w, https:\/\/voll-auf-die-ohren.de\/wp-content\/uploads\/2025\/05\/image-300x61.png 300w\" sizes=\"auto, (max-width: 584px) 100vw, 584px\" \/><\/figure>\n\n\n\n<p>Am Freitag, den 09.05.25 (14.00 &#8211; 14.45 Uhr) sind wir zum Interview bei Rockradio.de in den Studios Alex Berlin, Offener Kanal: die Sendung ist live und zu empfangen \u00fcber :<\/p>\n\n\n\n<p>antenne : ukw berlin 91,0 MHz<br>digital : DAB+ Kanal 7D<br>internet :&nbsp;<a href=\"https:\/\/deref-gmx.net\/mail\/client\/42vDK1zVl4o\/dereferrer\/?redirectUrl=http%3A%2F%2Frockradio.radio.de\" target=\"_blank\" rel=\"noreferrer noopener\">http:\/\/<\/a>radio.rockradio.de<\/p>\n\n\n\n<p>und zu sehen<br>youtube : video.rockradio.de<\/p>\n\n\n\n<p>H\u00f6rt mal rein!!!<\/p>\n\n\n\n<figure class=\"wp-block-gallery has-nested-images columns-default is-cropped wp-block-gallery-1 is-layout-flex wp-block-gallery-is-layout-flex\">\n<figure class=\"wp-block-image size-large\"><img loading=\"lazy\" decoding=\"async\" width=\"774\" height=\"1024\" data-id=\"185\" src=\"https:\/\/voll-auf-die-ohren.de\/wp-content\/uploads\/2025\/04\/Dorfkrug_13-06-25-774x1024.jpg\" alt=\"\" class=\"wp-image-185\" srcset=\"https:\/\/voll-auf-die-ohren.de\/wp-content\/uploads\/2025\/04\/Dorfkrug_13-06-25-774x1024.jpg 774w, https:\/\/voll-auf-die-ohren.de\/wp-content\/uploads\/2025\/04\/Dorfkrug_13-06-25-227x300.jpg 227w, https:\/\/voll-auf-die-ohren.de\/wp-content\/uploads\/2025\/04\/Dorfkrug_13-06-25-768x1016.jpg 768w, https:\/\/voll-auf-die-ohren.de\/wp-content\/uploads\/2025\/04\/Dorfkrug_13-06-25.jpg 790w\" sizes=\"auto, (max-width: 774px) 100vw, 774px\" \/><\/figure>\n<\/figure>\n\n\n<div class=\"wp-block-image\">\n<figure class=\"aligncenter size-large is-resized\"><img loading=\"lazy\" decoding=\"async\" width=\"724\" height=\"1024\" src=\"https:\/\/voll-auf-die-ohren.de\/wp-content\/uploads\/2024\/12\/Kehrreim-724x1024.jpg\" alt=\"\" class=\"wp-image-180\" style=\"width:405px;height:auto\" srcset=\"https:\/\/voll-auf-die-ohren.de\/wp-content\/uploads\/2024\/12\/Kehrreim-724x1024.jpg 724w, https:\/\/voll-auf-die-ohren.de\/wp-content\/uploads\/2024\/12\/Kehrreim-212x300.jpg 212w, https:\/\/voll-auf-die-ohren.de\/wp-content\/uploads\/2024\/12\/Kehrreim-768x1086.jpg 768w, https:\/\/voll-auf-die-ohren.de\/wp-content\/uploads\/2024\/12\/Kehrreim.jpg 1080w\" sizes=\"auto, (max-width: 724px) 100vw, 724px\" \/><figcaption class=\"wp-element-caption\"><mark style=\"background-color:rgba(0, 0, 0, 0)\" class=\"has-inline-color has-black-color\">Leute, zieht euch warm an, aber kommt vorbei!<\/mark><\/figcaption><\/figure>\n<\/div>\n\n\n<p class=\"has-text-align-left\">Der n\u00e4chste Termin: 20.11.2024 zu Open Mic in der Wabe! Wir sehen uns&#8230;<\/p>\n\n\n\n<figure class=\"wp-block-image size-full\"><img loading=\"lazy\" decoding=\"async\" width=\"481\" height=\"396\" src=\"http:\/\/voll-auf-die-ohren.de\/wp-content\/uploads\/2024\/08\/OpenMic_2024.jpg\" alt=\"\" class=\"wp-image-177\" srcset=\"https:\/\/voll-auf-die-ohren.de\/wp-content\/uploads\/2024\/08\/OpenMic_2024.jpg 481w, https:\/\/voll-auf-die-ohren.de\/wp-content\/uploads\/2024\/08\/OpenMic_2024-300x247.jpg 300w\" sizes=\"auto, (max-width: 481px) 100vw, 481px\" \/><\/figure>\n\n\n\n<figure class=\"wp-block-image size-large is-resized\"><img loading=\"lazy\" decoding=\"async\" width=\"738\" height=\"1024\" src=\"http:\/\/voll-auf-die-ohren.de\/wp-content\/uploads\/2024\/04\/Hafenbar_27.04.24-738x1024.jpg\" alt=\"\" class=\"wp-image-157\" style=\"width:229px;height:auto\" srcset=\"https:\/\/voll-auf-die-ohren.de\/wp-content\/uploads\/2024\/04\/Hafenbar_27.04.24-738x1024.jpg 738w, https:\/\/voll-auf-die-ohren.de\/wp-content\/uploads\/2024\/04\/Hafenbar_27.04.24-216x300.jpg 216w, https:\/\/voll-auf-die-ohren.de\/wp-content\/uploads\/2024\/04\/Hafenbar_27.04.24-768x1065.jpg 768w, https:\/\/voll-auf-die-ohren.de\/wp-content\/uploads\/2024\/04\/Hafenbar_27.04.24.jpg 1080w\" sizes=\"auto, (max-width: 738px) 100vw, 738px\" \/><\/figure>\n\n\n\n<figure class=\"wp-block-image size-full is-resized\"><img loading=\"lazy\" decoding=\"async\" width=\"536\" height=\"446\" src=\"http:\/\/voll-auf-die-ohren.de\/wp-content\/uploads\/2023\/10\/Rock-Radio.jpg\" alt=\"\" class=\"wp-image-150\" style=\"width:224px;height:auto\" srcset=\"https:\/\/voll-auf-die-ohren.de\/wp-content\/uploads\/2023\/10\/Rock-Radio.jpg 536w, https:\/\/voll-auf-die-ohren.de\/wp-content\/uploads\/2023\/10\/Rock-Radio-300x250.jpg 300w\" sizes=\"auto, (max-width: 536px) 100vw, 536px\" \/><\/figure>\n\n\n\n<figure class=\"wp-block-image size-large is-resized\"><img loading=\"lazy\" decoding=\"async\" width=\"724\" height=\"1024\" src=\"http:\/\/voll-auf-die-ohren.de\/wp-content\/uploads\/2023\/10\/Hafenbar_19.10.23-724x1024.jpg\" alt=\"\" class=\"wp-image-139\" style=\"width:211px;height:auto\" srcset=\"https:\/\/voll-auf-die-ohren.de\/wp-content\/uploads\/2023\/10\/Hafenbar_19.10.23-724x1024.jpg 724w, https:\/\/voll-auf-die-ohren.de\/wp-content\/uploads\/2023\/10\/Hafenbar_19.10.23-212x300.jpg 212w, https:\/\/voll-auf-die-ohren.de\/wp-content\/uploads\/2023\/10\/Hafenbar_19.10.23-768x1086.jpg 768w, https:\/\/voll-auf-die-ohren.de\/wp-content\/uploads\/2023\/10\/Hafenbar_19.10.23-1086x1536.jpg 1086w, https:\/\/voll-auf-die-ohren.de\/wp-content\/uploads\/2023\/10\/Hafenbar_19.10.23-1448x2048.jpg 1448w, https:\/\/voll-auf-die-ohren.de\/wp-content\/uploads\/2023\/10\/Hafenbar_19.10.23.jpg 1684w\" sizes=\"auto, (max-width: 724px) 100vw, 724px\" \/><\/figure>\n\n\n\n<p>&nbsp; &nbsp; &nbsp; &nbsp; &nbsp; &nbsp; &nbsp; &nbsp; &nbsp; &nbsp; &nbsp; &nbsp;<\/p>\n\n\n\n<p>Die Corona-Pause haben wir genutzt und die erste CD im Tonstudio eingespielt. <strong>Hier sind ein paar H\u00f6rproben:<\/strong><\/p>\n\n\n\n<figure class=\"wp-block-audio\"><audio controls src=\"http:\/\/voll-auf-die-ohren.de\/wp-content\/uploads\/2022\/09\/Berlin.mp3\"><\/audio><\/figure>\n\n\n\n<p>&#8222;Berlin, Berlin&#8220;<\/p>\n\n\n\n<figure class=\"wp-block-audio\"><audio controls src=\"http:\/\/voll-auf-die-ohren.de\/wp-content\/uploads\/2022\/11\/Lied-ohne-Text.mp3\"><\/audio><\/figure>\n\n\n\n<p>Lied ohne Text<\/p>\n\n\n\n<figure class=\"wp-block-audio\"><audio controls src=\"http:\/\/voll-auf-die-ohren.de\/wp-content\/uploads\/2022\/09\/Ich-komm-klar.mp3\"><\/audio><\/figure>\n\n\n\n<p>Ich komm\u00b4klar!<\/p>\n\n\n\n<p><strong>Ein bisschen musstet ihr warten, aber nun endlich ein paar weitere Eindr\u00fccke:<\/strong><\/p>\n\n\n\n<figure class=\"wp-block-audio\"><audio controls src=\"http:\/\/voll-auf-die-ohren.de\/wp-content\/uploads\/2022\/09\/Peter-Pan.mp3\"><\/audio><\/figure>\n\n\n\n<p>Peter Pan<\/p>\n\n\n\n<figure class=\"wp-block-audio\"><audio controls src=\"http:\/\/voll-auf-die-ohren.de\/wp-content\/uploads\/2022\/11\/Licht-ist-aus.mp3\"><\/audio><\/figure>\n\n\n\n<p>Licht ist aus<\/p>\n\n\n\n<figure class=\"wp-block-audio\"><audio controls src=\"http:\/\/voll-auf-die-ohren.de\/wp-content\/uploads\/2022\/09\/Serienjunkie.mp3\"><\/audio><\/figure>\n\n\n\n<p>Serienjunkie<\/p>\n\n\n\n<p><a href=\"https:\/\/www.facebook.com\/Voll-auf-die-Ohren-106695524493193\/\" target=\"_blank\" rel=\"noopener\">Facebook<\/a><\/p>\n\n\n\n<p><\/p>\n","protected":false},"excerpt":{"rendered":"<p>Willkommen bei &#8222;Voll-auf-die-Ohren&#8220;. Wenn Ihr deutschsprachige Rockmusik liebt und die ewig wiederholten Coversongs satt habt, seid ihr bei uns richtig. Ihr findet unser Album &#8222;Licht ist aus&#8220; bei Spotify und allen anderen Streamingdiensten. Und nat\u00fcrlich k\u00f6nnt ihr die CD auch bei uns erwerben (10,00 Euro zzgl. Versand), wenn ihr uns eine Email sendet.&nbsp; &nbsp; &nbsp; [&hellip;]<\/p>\n","protected":false},"author":1,"featured_media":175,"parent":0,"menu_order":0,"comment_status":"closed","ping_status":"closed","template":"","meta":{"footnotes":""},"class_list":["post-7","page","type-page","status-publish","has-post-thumbnail","hentry"],"_links":{"self":[{"href":"https:\/\/voll-auf-die-ohren.de\/index.php?rest_route=\/wp\/v2\/pages\/7","targetHints":{"allow":["GET"]}}],"collection":[{"href":"https:\/\/voll-auf-die-ohren.de\/index.php?rest_route=\/wp\/v2\/pages"}],"about":[{"href":"https:\/\/voll-auf-die-ohren.de\/index.php?rest_route=\/wp\/v2\/types\/page"}],"author":[{"embeddable":true,"href":"https:\/\/voll-auf-die-ohren.de\/index.php?rest_route=\/wp\/v2\/users\/1"}],"replies":[{"embeddable":true,"href":"https:\/\/voll-auf-die-ohren.de\/index.php?rest_route=%2Fwp%2Fv2%2Fcomments&post=7"}],"version-history":[{"count":41,"href":"https:\/\/voll-auf-die-ohren.de\/index.php?rest_route=\/wp\/v2\/pages\/7\/revisions"}],"predecessor-version":[{"id":203,"href":"https:\/\/voll-auf-die-ohren.de\/index.php?rest_route=\/wp\/v2\/pages\/7\/revisions\/203"}],"wp:featuredmedia":[{"embeddable":true,"href":"https:\/\/voll-auf-die-ohren.de\/index.php?rest_route=\/wp\/v2\/media\/175"}],"wp:attachment":[{"href":"https:\/\/voll-auf-die-ohren.de\/index.php?rest_route=%2Fwp%2Fv2%2Fmedia&parent=7"}],"curies":[{"name":"wp","href":"https:\/\/api.w.org\/{rel}","templated":true}]}}